{"id":118502,"date":"2023-06-14T11:29:36","date_gmt":"2023-06-14T11:29:36","guid":{"rendered":"https:\/\/eventokia.com\/mapa-web\/"},"modified":"2023-12-08T14:10:41","modified_gmt":"2023-12-08T14:10:41","slug":"mapa-web","status":"publish","type":"page","link":"https:\/\/eventokia.com\/en\/mapa-web\/","title":{"rendered":"Mapa web"},"content":{"rendered":"<div class=\"kwayy-html-sitemap-wrapper\"><h2 class=\"kwayy-html-sitemap-post-title kwayy-page-title\">P\u00e1ginas<\/h2><ul class=\"kwayy-html-sitemap-post-list kwayy-page-list\"><ul><li><a href=\"https:\/\/eventokia.com\/en\/declaracion-accesibilidad\/\">Declaraci\u00f3n accesibilidad<\/a><\/li><li><a href=\"https:\/\/eventokia.com\/en\/politica-privacidad\/\">Pol\u00edtica de privacidad<\/a><\/li><li><a href=\"https:\/\/eventokia.com\/en\/\">Home<\/a><\/li><li><a href=\"https:\/\/eventokia.com\/en\/eventokia\/\">Eventokia<\/a><\/li><li><a href=\"https:\/\/eventokia.com\/en\/contact\/\">Contact<\/a><\/li><li><a href=\"https:\/\/eventokia.com\/en\/congresses\/\">Congresses<\/a><\/li><li><a href=\"https:\/\/eventokia.com\/en\/special-events\/\">Special Events<\/a><\/li><li><a href=\"https:\/\/eventokia.com\/en\/personal\/\">Staff<\/a><\/li><li><a href=\"https:\/\/eventokia.com\/en\/destination-experiences\/\">Destination experiences<\/a><\/li><li><a href=\"https:\/\/eventokia.com\/en\/experience\/\">Experience<\/a><\/li><\/ul><\/ul><h2 class=\"kwayy-html-sitemap-post-title kwayy-portfolio-title\">Eventos<\/h2><ul class=\"kwayy-html-sitemap-post-list kwayy-portfolio-list\"><ul><li><a href=\"https:\/\/eventokia.com\/en\/evento\/road-safety-in-the-basque-country-2030-sustainable-development-goal\/\">Road Safety in The Basque Country, 2030 Sustainable Development Goal<\/a><\/li><li><a href=\"https:\/\/eventokia.com\/en\/evento\/international-congress-of-the-ismst-2017\/\">International Congress of the ISMST 2017<\/a><\/li><li><a href=\"https:\/\/eventokia.com\/en\/evento\/iag-swe-festival-madrid-2023\/\">IAG SwE Festival Madrid 2023<\/a><\/li><li><a href=\"https:\/\/eventokia.com\/en\/evento\/feslan\/\">FESLAN, Social Economy Job Fair and Congress<\/a><\/li><li><a href=\"https:\/\/eventokia.com\/en\/evento\/congresos-y-eventos-asovasna\/\">ASOVASNA Congresses and Events<\/a><\/li><li><a href=\"https:\/\/eventokia.com\/en\/evento\/congreso-drs-2022-bilbao-conference\/\">DRS 2022 Bilbao Conference Congress<\/a><\/li><li><a href=\"https:\/\/eventokia.com\/en\/evento\/bilbao-mentoring-conference-2002-2023-and-2024\/\">BILBAO MENTORING CONFERENCE 2022, 2023 AND 2024<\/a><\/li><li><a href=\"https:\/\/eventokia.com\/en\/evento\/viii-congress-of-aepea-and-xxx-congress-of-sepypna\/\">VIII Congress of AEPEA and XXX Congress of SEPYPNA<\/a><\/li><li><a href=\"https:\/\/eventokia.com\/en\/evento\/6th-congress-centac-of-accessibility-technologies\/\">6th Congress CENTAC of Accessibility Technologies<\/a><\/li><li><a href=\"https:\/\/eventokia.com\/en\/evento\/125-anniversary-club-deportivo-bilbao\/\">125th anniversary Club Deportivo Bilbao<\/a><\/li><li><a href=\"https:\/\/eventokia.com\/en\/evento\/iii-international-congress-on-the-wage-gap\/\">III INTERNATIONAL CONGRESS ON THE WAGE GAP<\/a><\/li><li><a href=\"https:\/\/eventokia.com\/en\/evento\/44-gerseq-5-e3ms-ing\/\">44 GERSEQ + 5 E3MS<\/a><\/li><li><a href=\"https:\/\/eventokia.com\/en\/evento\/merkalan-v-employment-and-training-fair\/\">MERKALAN: V Employment and Training Fair<\/a><\/li><li><a href=\"https:\/\/eventokia.com\/en\/evento\/euskadi-2024-road-safety\/\">EUSKADI 2024 ROAD SAFETY<\/a><\/li><li><a href=\"https:\/\/eventokia.com\/en\/evento\/inclusion-conference\/\">INCLUSION CONFERENCE<\/a><\/li><li><a href=\"https:\/\/eventokia.com\/en\/evento\/labor-inspection-seminars\/\">Labor Inspection Seminars<\/a><\/li><li><a href=\"https:\/\/eventokia.com\/en\/evento\/vi-encuentro-de-gestores-de-la-red-dti\/\">VI Encuentro de Gestores de la Red DTI<\/a><\/li><li><a href=\"https:\/\/eventokia.com\/en\/evento\/vi-meeting-of-dti-network-managers\/\">VI Meeting of DTI Network Managers<\/a><\/li><li><a href=\"https:\/\/eventokia.com\/en\/evento\/vi-employment-congress-2023\/\">VI Employment Congress 2023<\/a><\/li><li><a href=\"https:\/\/eventokia.com\/en\/evento\/5-meeting-managers-network-tourist-destinations\/\">5th Meeting of Managers of the Network of Smart Tourist Destinations<\/a><\/li><li><a href=\"https:\/\/eventokia.com\/en\/evento\/urban-commerce-2022\/\">Urban Commerce 2022<\/a><\/li><li><a href=\"https:\/\/eventokia.com\/en\/evento\/stand-euskadi-fitur\/\">Basque Country Stand, FITUR<\/a><\/li><\/ul><\/ul><\/div> <!-- .kwayy-html-sitemap-wrapper -->\n","protected":false},"excerpt":{"rendered":"P\u00e1ginasDeclaraci\u00f3n accesibilidadPol\u00edtica de privacidadHomeEventokiaContactCongressesSpecial EventsStaffDestination experiencesExperienceEventosRoad Safety in The Basque Country, 2030 Sustainable Development GoalInternational Congress of the ISMST 2017IAG [...]","protected":false},"author":1,"featured_media":0,"parent":0,"menu_order":0,"comment_status":"closed","ping_status":"closed","template":"","meta":{"footnotes":""},"class_list":["post-118502","page","type-page","status-publish","hentry"],"_links":{"self":[{"href":"https:\/\/eventokia.com\/en\/wp-json\/wp\/v2\/pages\/118502","targetHints":{"allow":["GET"]}}],"collection":[{"href":"https:\/\/eventokia.com\/en\/wp-json\/wp\/v2\/pages"}],"about":[{"href":"https:\/\/eventokia.com\/en\/wp-json\/wp\/v2\/types\/page"}],"author":[{"embeddable":true,"href":"https:\/\/eventokia.com\/en\/wp-json\/wp\/v2\/users\/1"}],"replies":[{"embeddable":true,"href":"https:\/\/eventokia.com\/en\/wp-json\/wp\/v2\/comments?post=118502"}],"version-history":[{"count":1,"href":"https:\/\/eventokia.com\/en\/wp-json\/wp\/v2\/pages\/118502\/revisions"}],"predecessor-version":[{"id":118504,"href":"https:\/\/eventokia.com\/en\/wp-json\/wp\/v2\/pages\/118502\/revisions\/118504"}],"wp:attachment":[{"href":"https:\/\/eventokia.com\/en\/wp-json\/wp\/v2\/media?parent=118502"}],"curies":[{"name":"wp","href":"https:\/\/api.w.org\/{rel}","templated":true}]}}