{"id":118501,"date":"2023-06-14T11:29:36","date_gmt":"2023-06-14T11:29:36","guid":{"rendered":"https:\/\/eventokia.com\/mapa-web\/"},"modified":"2023-12-14T14:41:18","modified_gmt":"2023-12-14T14:41:18","slug":"mapa-web","status":"publish","type":"page","link":"https:\/\/eventokia.com\/eu\/mapa-web\/","title":{"rendered":"Web mapa"},"content":{"rendered":"<div class=\"kwayy-html-sitemap-wrapper\"><h2 class=\"kwayy-html-sitemap-post-title kwayy-page-title\">P\u00e1ginas<\/h2><ul class=\"kwayy-html-sitemap-post-list kwayy-page-list\"><ul><li><a href=\"https:\/\/eventokia.com\/eu\/declaracion-accesibilidad\/\">Declaraci\u00f3n accesibilidad<\/a><\/li><li><a href=\"https:\/\/eventokia.com\/eu\/politica-privacidad\/\">Pol\u00edtica de privacidad<\/a><\/li><li><a href=\"https:\/\/eventokia.com\/eu\/\">Hasiera<\/a><\/li><li><a href=\"https:\/\/eventokia.com\/eu\/eventokia\/\">Eventokia<\/a><\/li><li><a href=\"https:\/\/eventokia.com\/eu\/kontaktua\/\">Kontaktua<\/a><\/li><li><a href=\"https:\/\/eventokia.com\/eu\/congresos\/\">Kongresuak<\/a><\/li><li><a href=\"https:\/\/eventokia.com\/eu\/ekitaldi-bereziak\/\">Ekitaldi Bereziak<\/a><\/li><li><a href=\"https:\/\/eventokia.com\/eu\/personal\/\">Pertsonala<\/a><\/li><li><a href=\"https:\/\/eventokia.com\/eu\/esperientziak-helmugan\/\">Esperientziak helmugan<\/a><\/li><li><a href=\"https:\/\/eventokia.com\/eu\/esperientzia\/\">Esperientzia<\/a><\/li><\/ul><\/ul><h2 class=\"kwayy-html-sitemap-post-title kwayy-portfolio-title\">Eventos<\/h2><ul class=\"kwayy-html-sitemap-post-list kwayy-portfolio-list\"><ul><li><a href=\"https:\/\/eventokia.com\/eu\/evento\/international-congress-of-the-ismst-2017\/\">International Congress of the ISMST 2017<\/a><\/li><li><a href=\"https:\/\/eventokia.com\/eu\/evento\/iag-swe-festival-madrid-2023\/\">IAG SwE Festival Madrid 2023<\/a><\/li><li><a href=\"https:\/\/eventokia.com\/eu\/evento\/feslan\/\">FESLAN, Ekonomia Sozialaren Enplegu Azoka eta Kongresua<\/a><\/li><li><a href=\"https:\/\/eventokia.com\/eu\/evento\/asovasnako-kongresuak-eta-ekitaldiak\/\">ASOVASNAko Kongresuak eta Ekitaldiak<\/a><\/li><li><a href=\"https:\/\/eventokia.com\/eu\/evento\/congreso-drs-2022-bilbao-conference\/\">DRS 2022 Bilbao Conference Kongresua<\/a><\/li><li><a href=\"https:\/\/eventokia.com\/eu\/evento\/bilbao-mentoring-conference\/\">Bilbao Mentoring Conference 2022, 2023 eta 2024<\/a><\/li><li><a href=\"https:\/\/eventokia.com\/eu\/evento\/viii-aepea-eta-xxx-sepypna-kongresua\/\">VIII. AEPEA eta XXX. SEPYPNA KONGRESUA<\/a><\/li><li><a href=\"https:\/\/eventokia.com\/eu\/evento\/irisgarritasun-teknologiei-buruzko-6-eta-7-centac-kongresua\/\">Irisgarritasun Teknologiei buruzko 6. eta 7. CENTAC Kongresua<\/a><\/li><li><a href=\"https:\/\/eventokia.com\/eu\/evento\/125-urteurrena-club-deportivo-bilbao\/\">125. urteurrena Club Deportivo Bilbao<\/a><\/li><li><a href=\"https:\/\/eventokia.com\/eu\/evento\/vi-encuentro-de-gestores-de-la-red-dti\/\">VI Encuentro de Gestores de la Red DTI<\/a><\/li><li><a href=\"https:\/\/eventokia.com\/eu\/evento\/44-gerseq-5-e3ms\/\">44 GERSEQ + 5 E3MS<\/a><\/li><li><a href=\"https:\/\/eventokia.com\/eu\/evento\/soldata-arrakalari-buruzko-iii-nazioarteko-kongresua\/\">SOLDATA ARRAKALARI BURUZKO III. NAZIOARTEKO KONGRESUA<\/a><\/li><li><a href=\"https:\/\/eventokia.com\/eu\/evento\/vii-kongresua-enplegua-2024\/\">VII. KONGRESUA ENPLEGUA 2024<\/a><\/li><li><a href=\"https:\/\/eventokia.com\/eu\/evento\/merkalan-enplegu-eta-prestakuntzaren-v-azoka\/\">MERKALAN: Enplegu eta prestakuntzaren V. azoka<\/a><\/li><li><a href=\"https:\/\/eventokia.com\/eu\/evento\/euskadiko-bide-segurtasuna-2024\/\">EUSKADIKO BIDE SEGURTASUNA 2024<\/a><\/li><li><a href=\"https:\/\/eventokia.com\/eu\/evento\/gizarteratzeko-jardunaldia\/\">GIZARTERATZEKO JARDUNALDIA<\/a><\/li><li><a href=\"https:\/\/eventokia.com\/eu\/evento\/lan-ikuskaritzako-mintegiak\/\">Lan Ikuskaritzako mintegiak<\/a><\/li><li><a href=\"https:\/\/eventokia.com\/eu\/evento\/2023-enpleguaren-vi-kongresua\/\">2023 Enpleguaren VI. Kongresua<\/a><\/li><li><a href=\"https:\/\/eventokia.com\/eu\/evento\/helmuga-turistiko-adimendunen-sarearen-kudeatzaileen-topaketa\/\">Helmuga Turistiko Adimendunen Sarearen Kudeatzaileen V. Topaketa<\/a><\/li><li><a href=\"https:\/\/eventokia.com\/eu\/evento\/urban-commerce-2022\/\">Urban Commerce 2022<\/a><\/li><li><a href=\"https:\/\/eventokia.com\/eu\/evento\/stand-euskadi-fitur\/\">Euskadiko Stand-a, FITUR<\/a><\/li><li><a href=\"https:\/\/eventokia.com\/eu\/evento\/bide-segurtasuna-euskadin-garapen-jasangarrirako-helburua-2030\/\">Bide Segurtasuna Euskadin, Garapen Jasangarrirako Helburua 2030<\/a><\/li><\/ul><\/ul><\/div> <!-- .kwayy-html-sitemap-wrapper -->\n","protected":false},"excerpt":{"rendered":"P\u00e1ginasDeclaraci\u00f3n accesibilidadPol\u00edtica de privacidadHasieraEventokiaKontaktuaKongresuakEkitaldi BereziakPertsonalaEsperientziak helmuganEsperientziaEventosInternational Congress of the ISMST 2017IAG SwE Festival Madrid 2023FESLAN, Ekonomia Sozialaren Enplegu Azoka eta [...]","protected":false},"author":1,"featured_media":0,"parent":0,"menu_order":0,"comment_status":"closed","ping_status":"closed","template":"","meta":{"footnotes":""},"class_list":["post-118501","page","type-page","status-publish","hentry"],"_links":{"self":[{"href":"https:\/\/eventokia.com\/eu\/wp-json\/wp\/v2\/pages\/118501","targetHints":{"allow":["GET"]}}],"collection":[{"href":"https:\/\/eventokia.com\/eu\/wp-json\/wp\/v2\/pages"}],"about":[{"href":"https:\/\/eventokia.com\/eu\/wp-json\/wp\/v2\/types\/page"}],"author":[{"embeddable":true,"href":"https:\/\/eventokia.com\/eu\/wp-json\/wp\/v2\/users\/1"}],"replies":[{"embeddable":true,"href":"https:\/\/eventokia.com\/eu\/wp-json\/wp\/v2\/comments?post=118501"}],"version-history":[{"count":2,"href":"https:\/\/eventokia.com\/eu\/wp-json\/wp\/v2\/pages\/118501\/revisions"}],"predecessor-version":[{"id":118720,"href":"https:\/\/eventokia.com\/eu\/wp-json\/wp\/v2\/pages\/118501\/revisions\/118720"}],"wp:attachment":[{"href":"https:\/\/eventokia.com\/eu\/wp-json\/wp\/v2\/media?parent=118501"}],"curies":[{"name":"wp","href":"https:\/\/api.w.org\/{rel}","templated":true}]}}