{"id":118549,"date":"2023-06-14T11:31:05","date_gmt":"2023-06-14T11:31:05","guid":{"rendered":"https:\/\/eventokia.com\/declaracion-accesibilidad\/"},"modified":"2023-06-14T11:31:05","modified_gmt":"2023-06-14T11:31:05","slug":"declaracion-accesibilidad","status":"publish","type":"page","link":"https:\/\/eventokia.com\/eu\/declaracion-accesibilidad\/","title":{"rendered":"Declaraci\u00f3n accesibilidad"},"content":{"rendered":"<p>La presente declaraci\u00f3n de accesibilidad se aplica al sitio web eventokia.com\/<\/p>\n<p>Situaci\u00f3n de cumplimiento<\/p>\n<p>Este sitio web es parcialmente conforme con el Real Decreto 1112\/2018, de 7 de septiembre, debido a la falta de conformidad de los aspectos que se indican a continuaci\u00f3n.<\/p>\n<p>Contenido no accesible<\/p>\n<p>El contenido que se recoge a continuaci\u00f3n no es accesible por lo siguiente:<\/p>\n<p>Falta de conformidad con el Real Decreto 1112\/2018, de 7 de septiembre: podr\u00edan existir fallos puntuales de edici\u00f3n en alguna p\u00e1gina web, tanto en contenidos HTML como en documentos finales, publicados en fecha posterior al 20 de septiembre de 2018 (fecha de entrada en vigor del Real Decreto 1112\/2018, de 7 de septiembre). Concretamente puede haber errores en aquellos documentos que contienen gr\u00e1ficos, tablas complejas o en aquellos firmados electr\u00f3nicamente antes de su revisi\u00f3n de accesibilidad.<\/p>\n<p>Carga desproporcionada: no aplica.<\/p>\n<p>El contenido no entra dentro del \u00e1mbito de la legislaci\u00f3n aplicable: Existen archivos ofim\u00e1ticos en PDF u otros formatos publicados antes del 20 de septiembre de 2018 que no cumplen en su totalidad todos los requisitos de accesibilidad; tambi\u00e9n pueden estar en esa situaci\u00f3n contenidos de terceros no financiados, ni desarrollados, ni bajo el control de este Ministerio.<\/p>\n<p>Preparaci\u00f3n de la presente declaraci\u00f3n de accesibilidad<\/p>\n<p>La presente declaraci\u00f3n fue preparada el 05\/07\/2023. El m\u00e9todo empleado para preparar la declaraci\u00f3n ha sido una autoevaluaci\u00f3n llevada a cabo por el propio organismo.<\/p>\n<p>Observaciones y datos de contacto<\/p>\n<p>Puede realizar comunicaciones sobre requisitos de accesibilidad (art\u00edculo 10.2.a) del Real Decreto 1112\/2018, de 7 de septiembre) como, por ejemplo:<\/p>\n<p>Informar sobre cualquier posible incumplimiento por parte de este sitio web.<br \/>\nTransmitir otras dificultades de acceso al contenido.<br \/>\nFormular cualquier otra consulta o sugerencia de mejora relativa a la accesibilidad del sitio web.<\/p>\n<p>A trav\u00e9s de las siguientes v\u00edas:<\/p>\n<p>Correo electr\u00f3nico: info@eventokia.com<\/p>\n<p>Tambi\u00e9n en ese correo puede solicitar en formato accesible informaci\u00f3n que no cumpla con los requisitos de accesibilidad bien por estar excluida, bien por estar exenta por carga desproporcionada; o formular una queja por incumplimiento de los requisitos de accesibilidad.<\/p>\n<p>Contenido opcional<\/p>\n<p>La versi\u00f3n actualmente visible de este sitio web es de Mayo de 2023 y en esa fecha se hizo la revisi\u00f3n del nivel de accesibilidad vigente en aquel momento.<\/p>\n<p>A partir de dicha fecha se llevan a cabo revisiones parciales diarias del contenido web nuevo o modificado, a fin de asegurar el cumplimiento de los requerimientos de accesibilidad de la Norma UNE-EN 301549:2022, considerando las excepciones del Real Decreto 1112\/2018, de 7 de septiembre.<\/p>\n<p>Entre otras se adoptan las siguientes medidas para facilitar la accesibilidad:<\/p>\n<p>Utilizaci\u00f3n de texto alternativo en las im\u00e1genes<br \/>\nLos enlaces ofrecen detalles de la funci\u00f3n o destino del hiperv\u00ednculo<br \/>\nUso de los est\u00e1ndares del W3C: XHTML 1.0, CSS 3.0, WAI AA.<\/p>\n","protected":false},"excerpt":{"rendered":"<p>La presente declaraci\u00f3n de accesibilidad se aplica al sitio web eventokia.com\/ Situaci\u00f3n de cumplimiento Este sitio web es parcialmente conforme [&hellip;]<\/p>\n","protected":false},"author":1,"featured_media":0,"parent":0,"menu_order":0,"comment_status":"closed","ping_status":"closed","template":"","meta":{"footnotes":""},"class_list":["post-118549","page","type-page","status-publish","hentry"],"_links":{"self":[{"href":"https:\/\/eventokia.com\/eu\/wp-json\/wp\/v2\/pages\/118549","targetHints":{"allow":["GET"]}}],"collection":[{"href":"https:\/\/eventokia.com\/eu\/wp-json\/wp\/v2\/pages"}],"about":[{"href":"https:\/\/eventokia.com\/eu\/wp-json\/wp\/v2\/types\/page"}],"author":[{"embeddable":true,"href":"https:\/\/eventokia.com\/eu\/wp-json\/wp\/v2\/users\/1"}],"replies":[{"embeddable":true,"href":"https:\/\/eventokia.com\/eu\/wp-json\/wp\/v2\/comments?post=118549"}],"version-history":[{"count":0,"href":"https:\/\/eventokia.com\/eu\/wp-json\/wp\/v2\/pages\/118549\/revisions"}],"wp:attachment":[{"href":"https:\/\/eventokia.com\/eu\/wp-json\/wp\/v2\/media?parent=118549"}],"curies":[{"name":"wp","href":"https:\/\/api.w.org\/{rel}","templated":true}]}}